{"id":66,"date":"2025-12-29T15:40:18","date_gmt":"2025-12-29T15:40:18","guid":{"rendered":"https:\/\/www.aivb-web.fr\/?page_id=66"},"modified":"2025-12-30T15:23:22","modified_gmt":"2025-12-30T15:23:22","slug":"don-pour-soutenir-la-communaute-juive-de-verrieres-le-buisson","status":"publish","type":"page","link":"https:\/\/www.aivb-web.fr\/index.php\/don-pour-soutenir-la-communaute-juive-de-verrieres-le-buisson\/","title":{"rendered":"Don pour soutenir la communaut\u00e9 juive de Verri\u00e8res-Le -Buisson"},"content":{"rendered":"\n<p>Votre soutien est indispensable pour soutenir une vie juive culturelle et cultuelle dans notre belle ville de Verri\u00e8res-Le-Buisson.<\/p>\n\n\n\n<p>Les dons peuvent \u00eatre envoy\u00e9s en ligne en cliquant sur ce lien : <a href=\"https:\/\/www.allodons.fr\/aivb\">https:\/\/www.allodons.fr\/aivb<\/a>.<\/p>\n\n\n\n<p>Merci pour votre soutien !<\/p>\n\n\n\n<figure class=\"wp-block-image size-large\"><img loading=\"lazy\" decoding=\"async\" width=\"1024\" height=\"640\" src=\"http:\/\/www.aivb-web.fr\/wp-content\/uploads\/2025\/12\/image_processing20250414-9559-1m6qrur-1024x640.jpg\" alt=\"\" class=\"wp-image-68\" srcset=\"https:\/\/www.aivb-web.fr\/wp-content\/uploads\/2025\/12\/image_processing20250414-9559-1m6qrur-1024x640.jpg 1024w, https:\/\/www.aivb-web.fr\/wp-content\/uploads\/2025\/12\/image_processing20250414-9559-1m6qrur-300x188.jpg 300w, https:\/\/www.aivb-web.fr\/wp-content\/uploads\/2025\/12\/image_processing20250414-9559-1m6qrur-768x480.jpg 768w, https:\/\/www.aivb-web.fr\/wp-content\/uploads\/2025\/12\/image_processing20250414-9559-1m6qrur.jpg 1200w\" sizes=\"auto, (max-width: 1024px) 100vw, 1024px\" \/><\/figure>\n","protected":false},"excerpt":{"rendered":"<p>Votre soutien est indispensable pour soutenir une vie juive culturelle et cultuelle dans notre belle ville de Verri\u00e8res-Le-Buisson. Les dons peuvent \u00eatre envoy\u00e9s en ligne en cliquant sur ce lien&hellip;<\/p>\n","protected":false},"author":1,"featured_media":0,"parent":0,"menu_order":0,"comment_status":"closed","ping_status":"closed","template":"","meta":{"footnotes":""},"class_list":["post-66","page","type-page","status-publish","hentry"],"_links":{"self":[{"href":"https:\/\/www.aivb-web.fr\/index.php\/wp-json\/wp\/v2\/pages\/66","targetHints":{"allow":["GET"]}}],"collection":[{"href":"https:\/\/www.aivb-web.fr\/index.php\/wp-json\/wp\/v2\/pages"}],"about":[{"href":"https:\/\/www.aivb-web.fr\/index.php\/wp-json\/wp\/v2\/types\/page"}],"author":[{"embeddable":true,"href":"https:\/\/www.aivb-web.fr\/index.php\/wp-json\/wp\/v2\/users\/1"}],"replies":[{"embeddable":true,"href":"https:\/\/www.aivb-web.fr\/index.php\/wp-json\/wp\/v2\/comments?post=66"}],"version-history":[{"count":2,"href":"https:\/\/www.aivb-web.fr\/index.php\/wp-json\/wp\/v2\/pages\/66\/revisions"}],"predecessor-version":[{"id":90,"href":"https:\/\/www.aivb-web.fr\/index.php\/wp-json\/wp\/v2\/pages\/66\/revisions\/90"}],"wp:attachment":[{"href":"https:\/\/www.aivb-web.fr\/index.php\/wp-json\/wp\/v2\/media?parent=66"}],"curies":[{"name":"wp","href":"https:\/\/api.w.org\/{rel}","templated":true}]}}